{"id":2,"date":"2024-07-14T23:24:33","date_gmt":"2024-07-14T21:24:33","guid":{"rendered":"http:\/\/mdproductions.fr\/?page_id=2"},"modified":"2025-03-24T17:05:59","modified_gmt":"2025-03-24T16:05:59","slug":"md-productions","status":"publish","type":"page","link":"https:\/\/mdproductions.fr\/","title":{"rendered":"MD Productions"},"content":{"rendered":"<p><img loading=\"lazy\" decoding=\"async\" class=\"size-medium wp-image-31 aligncenter\" src=\"https:\/\/mdproductions.fr\/wp-content\/uploads\/2025\/03\/md-productions-2023-copie-300x84.png\" alt=\"\" width=\"300\" height=\"84\" srcset=\"https:\/\/mdproductions.fr\/wp-content\/uploads\/2025\/03\/md-productions-2023-copie-300x84.png 300w, https:\/\/mdproductions.fr\/wp-content\/uploads\/2025\/03\/md-productions-2023-copie-1024x287.png 1024w, https:\/\/mdproductions.fr\/wp-content\/uploads\/2025\/03\/md-productions-2023-copie-768x215.png 768w, https:\/\/mdproductions.fr\/wp-content\/uploads\/2025\/03\/md-productions-2023-copie-1536x430.png 1536w, https:\/\/mdproductions.fr\/wp-content\/uploads\/2025\/03\/md-productions-2023-copie-2048x573.png 2048w\" sizes=\"auto, (max-width: 300px) 100vw, 300px\" \/><\/p>\n<p>&nbsp;<\/p>\n<p>MD PRODUCTIONS\u00a0s\u2019appuie sur l\u2019expertise de nombreux musiciens, chefs d\u2019orchestre et consultants travaillant ensemble pour cr\u00e9er des concerts, spectacles, et com\u00e9dies musicales.<\/p>\n<p>Gr\u00e2ce \u00e0 ses partenariats avec l\u2019orchestre Colonne (Paris) et l\u2019Op\u00e9ra de Vichy, MD Productions est productrice de plus d\u2019une centaine de repr\u00e9sentations par an dans des lieux prestigieux comme le Grand Rex \u00e0 Paris, l\u2019Amphith\u00e9\u00e2tre 3000 \u00e0 Lyon, et de nombreux z\u00e9niths de France. MD Productions est \u00e9galement pr\u00e9sente au Parc Disneyland Paris pour lequel elle g\u00e8re une partie des musiciens lors du Disney Music Festival.<\/p>\n<h2>Spectacles et Com\u00e9dies Musicales<\/h2>\n\n<h2>Concerts et Orchestres<\/h2>\n<p><br \/>\n<!--\n\n\n<h2><span data-mce-type=\"bookmark\" style=\"display: inline-block; width: 0px; overflow: hidden; line-height: 0;\" class=\"mce_SELRES_start\"><\/span>\u00c9quipe<\/h2>\n\n\n\n\n<div class=\"third\">\n\n\n<h3><img loading=\"lazy\" decoding=\"async\" class=\"alignnone wp-image-41 size-medium\" src=\"https:\/\/mdproductions.fr\/wp-content\/uploads\/2025\/03\/mathilde-239x300.jpg\" alt=\"\" width=\"239\" height=\"300\" srcset=\"https:\/\/mdproductions.fr\/wp-content\/uploads\/2025\/03\/mathilde-239x300.jpg 239w, https:\/\/mdproductions.fr\/wp-content\/uploads\/2025\/03\/mathilde.jpg 738w\" sizes=\"auto, (max-width: 239px) 100vw, 239px\" \/><\/h3>\n\n\n\n\n<h3>Mathilde Moulin<\/h3>\n\n\nDirectrice de Production\n\n<\/div>\n\n\n\n\n<div class=\"third\">\n\n\n<h3><img loading=\"lazy\" decoding=\"async\" class=\"alignnone wp-image-39 size-medium\" src=\"https:\/\/mdproductions.fr\/wp-content\/uploads\/2025\/03\/sylvain-239x300.jpg\" alt=\"\" width=\"239\" height=\"300\" srcset=\"https:\/\/mdproductions.fr\/wp-content\/uploads\/2025\/03\/sylvain-239x300.jpg 239w, https:\/\/mdproductions.fr\/wp-content\/uploads\/2025\/03\/sylvain.jpg 738w\" sizes=\"auto, (max-width: 239px) 100vw, 239px\" \/><\/h3>\n\n\n\n\n<h3>Sylvain Chaillou<\/h3>\n\n\nProducteur\n\n<\/div>\n\n\n\n\n<div class=\"third\">\n\n\n<h3><img loading=\"lazy\" decoding=\"async\" class=\"alignnone wp-image-40 size-medium\" src=\"https:\/\/mdproductions.fr\/wp-content\/uploads\/2025\/03\/leslie-239x300.jpg\" alt=\"\" width=\"239\" height=\"300\" srcset=\"https:\/\/mdproductions.fr\/wp-content\/uploads\/2025\/03\/leslie-239x300.jpg 239w, https:\/\/mdproductions.fr\/wp-content\/uploads\/2025\/03\/leslie.jpg 738w\" sizes=\"auto, (max-width: 239px) 100vw, 239px\" \/><\/h3>\n\n\n\n\n<h3>Leslie Carles<\/h3>\n\n\nAssistante de production\n\n<\/div>\n\n\n--><\/p>\n<div class=\"clear\" style=\"clear: both;\"><\/div>\n<p style=\"text-align: center;\"><img loading=\"lazy\" decoding=\"async\" class=\"alignnone wp-image-44\" src=\"https:\/\/mdproductions.fr\/wp-content\/uploads\/2025\/03\/colonne-300x300.png\" alt=\"\" width=\"183\" height=\"183\" srcset=\"https:\/\/mdproductions.fr\/wp-content\/uploads\/2025\/03\/colonne-300x300.png 300w, https:\/\/mdproductions.fr\/wp-content\/uploads\/2025\/03\/colonne-150x150.png 150w, https:\/\/mdproductions.fr\/wp-content\/uploads\/2025\/03\/colonne.png 517w\" sizes=\"auto, (max-width: 183px) 100vw, 183px\" \/><br \/>\nEn partenariat avec l\u2019Orchestre Colonne<\/p>\n<h2>Contact<\/h2>\n\n<div class=\"wpcf7 no-js\" id=\"wpcf7-f6-o1\" lang=\"fr-FR\" dir=\"ltr\" data-wpcf7-id=\"6\">\n<div class=\"screen-reader-response\"><p role=\"status\" aria-live=\"polite\" aria-atomic=\"true\"><\/p> <ul><\/ul><\/div>\n<form action=\"\/index.php\/wp-json\/wp\/v2\/pages\/2#wpcf7-f6-o1\" method=\"post\" class=\"wpcf7-form init\" aria-label=\"Formulaire de contact\" novalidate=\"novalidate\" data-status=\"init\">\n<div style=\"display: none;\">\n<input type=\"hidden\" name=\"_wpcf7\" value=\"6\" \/>\n<input type=\"hidden\" name=\"_wpcf7_version\" value=\"6.0.5\" \/>\n<input type=\"hidden\" name=\"_wpcf7_locale\" value=\"fr_FR\" \/>\n<input type=\"hidden\" name=\"_wpcf7_unit_tag\" value=\"wpcf7-f6-o1\" \/>\n<input type=\"hidden\" name=\"_wpcf7_container_post\" value=\"0\" \/>\n<input type=\"hidden\" name=\"_wpcf7_posted_data_hash\" value=\"\" \/>\n<\/div>\n<p><label> Votre nom<br \/>\n<span class=\"wpcf7-form-control-wrap\" data-name=\"your-name\"><input size=\"40\" maxlength=\"400\" class=\"wpcf7-form-control wpcf7-text wpcf7-validates-as-required\" autocomplete=\"name\" aria-required=\"true\" aria-invalid=\"false\" value=\"\" type=\"text\" name=\"your-name\" \/><\/span> <\/label>\n<\/p>\n<p><label> Votre e-mail<br \/>\n<span class=\"wpcf7-form-control-wrap\" data-name=\"your-email\"><input size=\"40\" maxlength=\"400\" class=\"wpcf7-form-control wpcf7-email wpcf7-validates-as-required wpcf7-text wpcf7-validates-as-email\" autocomplete=\"email\" aria-required=\"true\" aria-invalid=\"false\" value=\"\" type=\"email\" name=\"your-email\" \/><\/span> <\/label>\n<\/p>\n<p><label> Votre message<br \/>\n<span class=\"wpcf7-form-control-wrap\" data-name=\"your-message\"><textarea cols=\"40\" rows=\"10\" maxlength=\"2000\" class=\"wpcf7-form-control wpcf7-textarea wpcf7-validates-as-required\" aria-required=\"true\" aria-invalid=\"false\" name=\"your-message\"><\/textarea><\/span> <\/label>\n<\/p>\n<p><input class=\"wpcf7-form-control wpcf7-submit has-spinner\" type=\"submit\" value=\"Envoyer\" \/>\n<\/p><div class=\"wpcf7-response-output\" aria-hidden=\"true\"><\/div>\n<\/form>\n<\/div>\n\n<p style=\"text-align: center;\"><a href=\"mailto:mathilde@mdproductions.fr\">mathilde@mdproductions.fr<\/a><\/p>\n","protected":false},"excerpt":{"rendered":"<p>&nbsp; MD PRODUCTIONS\u00a0s\u2019appuie sur l\u2019expertise de nombreux musiciens, chefs d\u2019orchestre et consultants travaillant ensemble pour cr\u00e9er des concerts, spectacles, et com\u00e9dies musicales. Gr\u00e2ce \u00e0 ses partenariats avec l\u2019orchestre Colonne (Paris) et l\u2019Op\u00e9ra de Vichy, MD Productions est productrice de plus d\u2019une centaine de repr\u00e9sentations par an dans des lieux prestigieux comme le Grand Rex \u00e0 &hellip; <a href=\"https:\/\/mdproductions.fr\/\" class=\"more-link\">Continue reading <span class=\"screen-reader-text\">MD Productions<\/span><\/a><\/p>\n","protected":false},"author":1,"featured_media":0,"parent":0,"menu_order":0,"comment_status":"closed","ping_status":"open","template":"index.php","meta":{"footnotes":""},"class_list":["post-2","page","type-page","status-publish","hentry"],"_links":{"self":[{"href":"https:\/\/mdproductions.fr\/index.php\/wp-json\/wp\/v2\/pages\/2","targetHints":{"allow":["GET"]}}],"collection":[{"href":"https:\/\/mdproductions.fr\/index.php\/wp-json\/wp\/v2\/pages"}],"about":[{"href":"https:\/\/mdproductions.fr\/index.php\/wp-json\/wp\/v2\/types\/page"}],"author":[{"embeddable":true,"href":"https:\/\/mdproductions.fr\/index.php\/wp-json\/wp\/v2\/users\/1"}],"replies":[{"embeddable":true,"href":"https:\/\/mdproductions.fr\/index.php\/wp-json\/wp\/v2\/comments?post=2"}],"version-history":[{"count":25,"href":"https:\/\/mdproductions.fr\/index.php\/wp-json\/wp\/v2\/pages\/2\/revisions"}],"predecessor-version":[{"id":54,"href":"https:\/\/mdproductions.fr\/index.php\/wp-json\/wp\/v2\/pages\/2\/revisions\/54"}],"wp:attachment":[{"href":"https:\/\/mdproductions.fr\/index.php\/wp-json\/wp\/v2\/media?parent=2"}],"curies":[{"name":"wp","href":"https:\/\/api.w.org\/{rel}","templated":true}]}}